{"id":4022,"date":"2017-07-11T18:46:09","date_gmt":"2017-07-11T16:46:09","guid":{"rendered":"http:\/\/sharemytrip.fr\/?page_id=4022"},"modified":"2020-06-16T11:23:20","modified_gmt":"2020-06-16T09:23:20","slug":"india","status":"publish","type":"page","link":"http:\/\/sharemytrip.fr\/index.php\/india\/","title":{"rendered":"INDIA"},"content":{"rendered":"<h1><span style=\"color: #0000ff;\"><span style=\"color: #ff0000;\">2013\u00a0 <\/span>INDE NORD &#8211; \u00a0 \u00a0 \u00a0 \u00a0 \u00a0 \u00a0 \u00a0 \u00a0 \u00a0 \u00a0 \u00a0 \u00a0\u00a0 \u00a0\u00a0\u00a0\u00a0\u00a0\u00a0\u00a0\u00a0\u00a0 \u00a0\u00a0 \u00a0\u00a0 <\/span><span style=\"color: #0000ff;\">RAJASTHAN &amp; UTTAR PRADESH<br \/>\n<\/span><\/h1>\n<p><img decoding=\"async\" src=\"http:\/\/sharemytrip.fr\/wp-content\/uploads\/2020\/06\/Carte-Inde-du-nord-a-ins%C3%A9rer-1024x508.jpg\" alt=\"L\u2019attribut alt de cette image est vide, son nom de fichier est Carte-Inde-du-nord-a-ins\u00e9rer-1024x508.jpg.\" \/><\/p>\n<h1 style=\"text-align: center;\"><a href=\"http:\/\/sharemytrip.fr\/index.php\/inde-2013\/\"><span style=\"color: #0000ff;\">De Navalgarh \u00e0 Jodhpur<\/span><\/a><\/h1>\n<h1 style=\"text-align: center;\"><a href=\"http:\/\/sharemytrip.fr\/index.php\/inde-2013_2\/\"><span style=\"color: #0000ff;\">De Udapur \u00e0 Bundi<\/span><\/a><\/h1>\n<h1><span style=\"color: #0000ff;\"> <a style=\"color: #0000ff;\" href=\"http:\/\/sharemytrip.fr\/index.php\/inde-2013-videos\/\">Les Vid\u00e9os<\/a><\/span><\/h1>\n<h3><span style=\"color: #ff0000;\"><strong>*******************************************************<\/strong><\/span><\/h3>\n<h1><span style=\"color: #0000ff;\"><span style=\"color: #ff0000;\">2007<\/span> INDE DU SUD &#8211;\u00a0\u00a0\u00a0\u00a0\u00a0\u00a0\u00a0\u00a0\u00a0\u00a0\u00a0\u00a0\u00a0\u00a0\u00a0\u00a0\u00a0\u00a0\u00a0\u00a0\u00a0\u00a0\u00a0\u00a0\u00a0\u00a0\u00a0\u00a0\u00a0\u00a0\u00a0\u00a0\u00a0\u00a0\u00a0\u00a0\u00a0\u00a0\u00a0\u00a0\u00a0\u00a0\u00a0\u00a0\u00a0 KERALA &amp; TAMIL NADU<\/span><\/h1>\n<h2 style=\"text-align: left;\"><span style=\"color: #0000ff;\">LES VIDEOS\u00a0 :<\/span>\u00a0 <span style=\"color: #ff0000;\"><a style=\"color: #ff0000;\" href=\"http:\/\/sharemytrip.fr\/index.php\/inde-du-sud-2007-videos\/\">VOYAGE<\/a><\/span> \u00a0\u00a0 <span style=\"color: #ff0000;\"><a style=\"color: #ff0000;\" href=\"http:\/\/sharemytrip.fr\/index.php\/inde-du-sud-videos-kathakali\/\">KATHAKALI<\/a>\u00a0 <\/span><\/h2>\n<h2 style=\"text-align: left;\"><span style=\"color: #0000ff;\">LES PHOTOS<\/span><\/h2>\n<p><img loading=\"lazy\" decoding=\"async\" class=\"mimg\" src=\"https:\/\/tse1.mm.bing.net\/th?id=OIP.qvUXTjIUTDxluJY477E4uwEsDI&amp;w=278&amp;h=185&amp;c=7&amp;qlt=90&amp;o=4&amp;pid=1.7\" alt=\"R\u00e9sultat d\u2019images pour kathakali\" width=\"845\" height=\"562\" data-bm=\"21\" \/><\/p>\n","protected":false},"excerpt":{"rendered":"<p>2013\u00a0 INDE NORD &#8211; \u00a0 \u00a0 \u00a0 \u00a0 \u00a0 \u00a0 \u00a0 \u00a0 \u00a0 \u00a0 \u00a0 \u00a0\u00a0 \u00a0\u00a0\u00a0\u00a0\u00a0\u00a0\u00a0\u00a0\u00a0 \u00a0\u00a0 \u00a0\u00a0 RAJASTHAN &amp; UTTAR PRADESH De Navalgarh \u00e0 Jodhpur De Udapur \u00e0 Bundi Les Vid\u00e9os ******************************************************* 2007 INDE DU SUD &#8211;\u00a0\u00a0\u00a0\u00a0\u00a0\u00a0\u00a0\u00a0\u00a0\u00a0\u00a0\u00a0\u00a0\u00a0\u00a0\u00a0\u00a0\u00a0\u00a0\u00a0\u00a0\u00a0\u00a0\u00a0\u00a0\u00a0\u00a0\u00a0\u00a0\u00a0\u00a0\u00a0\u00a0\u00a0\u00a0\u00a0\u00a0\u00a0\u00a0\u00a0\u00a0\u00a0\u00a0\u00a0\u00a0 KERALA &amp; TAMIL NADU LES VIDEOS\u00a0 :\u00a0 VOYAGE \u00a0\u00a0 KATHAKALI\u00a0 LES PHOTOS<\/p>\n","protected":false},"author":1,"featured_media":0,"parent":0,"menu_order":0,"comment_status":"closed","ping_status":"closed","template":"","meta":{"footnotes":""},"class_list":["post-4022","page","type-page","status-publish","hentry"],"_links":{"self":[{"href":"http:\/\/sharemytrip.fr\/index.php\/wp-json\/wp\/v2\/pages\/4022","targetHints":{"allow":["GET"]}}],"collection":[{"href":"http:\/\/sharemytrip.fr\/index.php\/wp-json\/wp\/v2\/pages"}],"about":[{"href":"http:\/\/sharemytrip.fr\/index.php\/wp-json\/wp\/v2\/types\/page"}],"author":[{"embeddable":true,"href":"http:\/\/sharemytrip.fr\/index.php\/wp-json\/wp\/v2\/users\/1"}],"replies":[{"embeddable":true,"href":"http:\/\/sharemytrip.fr\/index.php\/wp-json\/wp\/v2\/comments?post=4022"}],"version-history":[{"count":18,"href":"http:\/\/sharemytrip.fr\/index.php\/wp-json\/wp\/v2\/pages\/4022\/revisions"}],"predecessor-version":[{"id":7821,"href":"http:\/\/sharemytrip.fr\/index.php\/wp-json\/wp\/v2\/pages\/4022\/revisions\/7821"}],"wp:attachment":[{"href":"http:\/\/sharemytrip.fr\/index.php\/wp-json\/wp\/v2\/media?parent=4022"}],"curies":[{"name":"wp","href":"https:\/\/api.w.org\/{rel}","templated":true}]}}