{"id":4026,"date":"2017-07-11T18:53:27","date_gmt":"2017-07-11T16:53:27","guid":{"rendered":"http:\/\/sharemytrip.fr\/?page_id=4026"},"modified":"2017-12-22T19:16:35","modified_gmt":"2017-12-22T18:16:35","slug":"caraibes","status":"publish","type":"page","link":"http:\/\/sharemytrip.fr\/index.php\/caraibes\/","title":{"rendered":"CARA\u00cfBES"},"content":{"rendered":"<h1><span style=\"color: #0000ff;\">LES ANTILLES \/ Grenadines<\/span><img loading=\"lazy\" decoding=\"async\" class=\"aligncenter wp-image-18 size-full\" src=\"http:\/\/sharemytrip.fr\/wp-content\/uploads\/2017\/02\/tobago-cays.jpg\" alt=\"\" width=\"960\" height=\"640\" srcset=\"http:\/\/sharemytrip.fr\/wp-content\/uploads\/2017\/02\/tobago-cays.jpg 960w, http:\/\/sharemytrip.fr\/wp-content\/uploads\/2017\/02\/tobago-cays-300x200.jpg 300w, http:\/\/sharemytrip.fr\/wp-content\/uploads\/2017\/02\/tobago-cays-768x512.jpg 768w\" sizes=\"auto, (max-width: 709px) 85vw, (max-width: 909px) 67vw, (max-width: 1362px) 62vw, 840px\" \/><br \/>\n<span style=\"color: #0000ff;\"><a style=\"color: #0000ff;\" href=\"http:\/\/sharemytrip.fr\/index.php\/grenadines-1988\/\">Avec Daniel sur le T\u00e9n\u00e9r\u00e9 1 en 1988<\/a><\/span><\/h1>\n<h1><span style=\"color: #0000ff;\"><a style=\"color: #0000ff;\" href=\"http:\/\/sharemytrip.fr\/index.php\/grenadines-2016\/\">Avec Fran\u00e7ois et Lili sur le Lulothod&rsquo;Or en 2016 <\/a><\/span><\/h1>\n<h1><span style=\"color: #ff0000;\">*************************************<\/span><\/h1>\n","protected":false},"excerpt":{"rendered":"<p>LES ANTILLES \/ Grenadines Avec Daniel sur le T\u00e9n\u00e9r\u00e9 1 en 1988 Avec Fran\u00e7ois et Lili sur le Lulothod&rsquo;Or en 2016 *************************************<\/p>\n","protected":false},"author":1,"featured_media":0,"parent":0,"menu_order":0,"comment_status":"closed","ping_status":"closed","template":"","meta":{"footnotes":""},"class_list":["post-4026","page","type-page","status-publish","hentry"],"_links":{"self":[{"href":"http:\/\/sharemytrip.fr\/index.php\/wp-json\/wp\/v2\/pages\/4026","targetHints":{"allow":["GET"]}}],"collection":[{"href":"http:\/\/sharemytrip.fr\/index.php\/wp-json\/wp\/v2\/pages"}],"about":[{"href":"http:\/\/sharemytrip.fr\/index.php\/wp-json\/wp\/v2\/types\/page"}],"author":[{"embeddable":true,"href":"http:\/\/sharemytrip.fr\/index.php\/wp-json\/wp\/v2\/users\/1"}],"replies":[{"embeddable":true,"href":"http:\/\/sharemytrip.fr\/index.php\/wp-json\/wp\/v2\/comments?post=4026"}],"version-history":[{"count":4,"href":"http:\/\/sharemytrip.fr\/index.php\/wp-json\/wp\/v2\/pages\/4026\/revisions"}],"predecessor-version":[{"id":6913,"href":"http:\/\/sharemytrip.fr\/index.php\/wp-json\/wp\/v2\/pages\/4026\/revisions\/6913"}],"wp:attachment":[{"href":"http:\/\/sharemytrip.fr\/index.php\/wp-json\/wp\/v2\/media?parent=4026"}],"curies":[{"name":"wp","href":"https:\/\/api.w.org\/{rel}","templated":true}]}}